{"id":94,"date":"2010-01-15T21:25:17","date_gmt":"2010-01-15T19:25:17","guid":{"rendered":"http:\/\/www.skiclub-partenstein.de\/neu\/wordpress\/?page_id=94"},"modified":"2022-11-05T11:53:23","modified_gmt":"2022-11-05T09:53:23","slug":"anfahrtskizze-2","status":"publish","type":"page","link":"https:\/\/www.skiclub-partenstein.de\/?page_id=94","title":{"rendered":"Anfahrtskizze"},"content":{"rendered":"<p>Achtung: Die Zufahrt zum Lift ist durchgehend m\u00f6glich, eventuelle Durchfahrtsbeschr\u00e4nkungen m\u00fcssen nicht beachtet werden. Es besteht jedoch eine EINBAHNSTRASSE. Das heisst die Zufahrt erfolgt vom Gemeindehaus (Torweg) bis zur Skih\u00fctte. Die Abfahrt geht von der Skih\u00fctte \u00fcber den M\u00fcsselberg (Bahnhof)!<\/p>\n<h2>Zufahrt<\/h2>\n<p><small><a style=\"color: #0000ff; text-align: left;\" href=\"http:\/\/maps.google.de\/maps?f=d&amp;source=embed&amp;saddr=Hauptstra%C3%9Fe%2FB276&amp;daddr=50.04542,9.52503+to:50.05396,9.53316+to:Unbekannte+Stra%C3%9Fe&amp;hl=de&amp;geocode=FV6P-wId1DqRAA%3BFeyh-wIdJleRAClHnLd1ts6iRzGhXkbFKLcdEw%3BFUjD-wId6HaRACnFU3gox86iRzFEhiYfhbe9HA%3BFc2v-wIdnpSRAA&amp;aq=1&amp;oq=partenstein,+haup&amp;sll=50.047136,9.529738&amp;sspn=0.016122,0.038581&amp;mra=dpe&amp;mrsp=2&amp;sz=15&amp;via=1,2&amp;ie=UTF8&amp;t=m&amp;ll=50.047136,9.529738&amp;spn=0.016122,0.038581\">Gr\u00f6\u00dfere Kartenansicht<\/a><\/small><\/p>\n<h2>Abfahrt<\/h2>\n<p><small><a style=\"color: #0000ff; text-align: left;\" href=\"http:\/\/maps.google.de\/maps?f=d&amp;source=embed&amp;saddr=Unbekannte+Stra%C3%9Fe&amp;daddr=Bahnhofstra%C3%9Fe&amp;geocode=FTaw-wIdCJGRAA%3BFWCK-wIdrEeRAA&amp;hl=de&amp;mra=me&amp;mrcr=0&amp;mrsp=0&amp;sz=16&amp;sll=50.046709,9.534223&amp;sspn=0.009756,0.01929&amp;ie=UTF8&amp;ll=50.046723,9.534202&amp;spn=0.013228,0.027466&amp;z=15\">Gr\u00f6\u00dfere Kartenansicht<\/a><\/small><\/p>\n","protected":false},"excerpt":{"rendered":"<p>Achtung: Die Zufahrt zum Lift ist durchgehend m\u00f6glich, eventuelle Durchfahrtsbeschr\u00e4nkungen m\u00fcssen nicht beachtet werden. Es besteht jedoch eine EINBAHNSTRASSE. Das heisst die Zufahrt erfolgt vom Gemeindehaus (Torweg) bis zur Skih\u00fctte. Die Abfahrt geht von der Skih\u00fctte \u00fcber den M\u00fcsselberg (Bahnhof)! Zufahrt Gr\u00f6\u00dfere Kartenansicht Abfahrt Gr\u00f6\u00dfere Kartenansicht<\/p>\n","protected":false},"author":1,"featured_media":0,"parent":0,"menu_order":0,"comment_status":"closed","ping_status":"closed","template":"","meta":{"footnotes":""},"class_list":["post-94","page","type-page","status-publish","hentry"],"_links":{"self":[{"href":"https:\/\/www.skiclub-partenstein.de\/index.php?rest_route=\/wp\/v2\/pages\/94","targetHints":{"allow":["GET"]}}],"collection":[{"href":"https:\/\/www.skiclub-partenstein.de\/index.php?rest_route=\/wp\/v2\/pages"}],"about":[{"href":"https:\/\/www.skiclub-partenstein.de\/index.php?rest_route=\/wp\/v2\/types\/page"}],"author":[{"embeddable":true,"href":"https:\/\/www.skiclub-partenstein.de\/index.php?rest_route=\/wp\/v2\/users\/1"}],"replies":[{"embeddable":true,"href":"https:\/\/www.skiclub-partenstein.de\/index.php?rest_route=%2Fwp%2Fv2%2Fcomments&post=94"}],"version-history":[{"count":37,"href":"https:\/\/www.skiclub-partenstein.de\/index.php?rest_route=\/wp\/v2\/pages\/94\/revisions"}],"predecessor-version":[{"id":503,"href":"https:\/\/www.skiclub-partenstein.de\/index.php?rest_route=\/wp\/v2\/pages\/94\/revisions\/503"}],"wp:attachment":[{"href":"https:\/\/www.skiclub-partenstein.de\/index.php?rest_route=%2Fwp%2Fv2%2Fmedia&parent=94"}],"curies":[{"name":"wp","href":"https:\/\/api.w.org\/{rel}","templated":true}]}}