{"id":21,"date":"2009-08-02T19:46:57","date_gmt":"2009-08-02T17:46:57","guid":{"rendered":"http:\/\/www.skiclub-partenstein.de\/neu\/wordpress\/?page_id=21"},"modified":"2014-10-18T08:21:59","modified_gmt":"2014-10-18T06:21:59","slug":"skilift","status":"publish","type":"page","link":"https:\/\/www.skiclub-partenstein.de\/?page_id=21","title":{"rendered":"Skilift"},"content":{"rendered":"<h1><span style=\"color: #000000;\">Aktueller Lift<\/span><\/h1>\n<p><span style=\"color: #000000;\">Nach einer schneereichen Saison 76\/77 und einem gro\u00dfen Zuspruch der Bev\u00f6lkerung machte man sich zum ersten Mal Gedanken \u00fcber die Erweiterung des bestehenden Liftes.<br \/>\nIm Anschluss der Saison 77\/78, in der die Schneedecke \u00fcber 2 Monate zum Skifahren ausreichte, machte man sich an die Arbeit. Nach Gespr\u00e4chen der Gemeinde Partenstein und der Stadt Lohr kam es zu einen Vertrag, der die Erweiterung der Skipiste erm\u00f6glichte. In den Jahren 1978 bis 1979 wurde, unter schwerer k\u00f6rperlicher Arbeit und unz\u00e4hlige Arbeitsstunden vieler freiwilliger Helfer, der bestehende Lift um ca. 300m erweitert.<br \/>\nDurch einen gl\u00fccklichen Zufall im Jahr 1979 wurde der urspr\u00fcngliche Plan einen zweiten Kleinschlepplift zu kaufen verworfen. Man bekam das Angebot einen Tellerlift mit der genauen L\u00e4nge der neuen Skipiste (ca.500m) zu erwerben. In der Rekordzeit von zwei Wochenendeins\u00e4tzen wurde links der Piste eine Lifttrasse errichtet. Im Juli 1979 wurde der neu erworbene Lift auf der Wasserkuppe demontiert und nach Partenstein transportiert. Die Instandsetzung und die Installation gingen z\u00fcgig voran. In der wenig schneereichen Saison 1979\/80 wurde der Lift zum ersten Mal in Betrieb genommen. Zu seiner eigentlichen Feuertaufe kam es ein Jahr sp\u00e4ter, als man einen Bilderbuchwinter mit Traumschnee erlebte.<\/span><\/p>\n<h1><span style=\"color: #000000;\">Lift- und Pistendaten:<\/span><\/h1>\n<table border=\"1\" width=\"53%\">\n<tbody>\n<tr>\n<td width=\"67%\"><span style=\"color: #000000;\">Liftl\u00e4nge<\/span><\/td>\n<td width=\"33%\">\n<div>\n<p><span style=\"color: #000000;\">480 m <\/span><\/p>\n<\/div>\n<\/td>\n<\/tr>\n<tr>\n<td width=\"67%\"><span style=\"color: #000000;\">Pistenl\u00e4nge<\/span><\/td>\n<td width=\"33%\">\n<div>\n<p><span style=\"color: #000000;\">500 m <\/span><\/p>\n<\/div>\n<\/td>\n<\/tr>\n<tr>\n<td width=\"67%\"><span style=\"color: #000000;\">Pistenbreite<\/span><\/td>\n<td width=\"33%\">\n<div>\n<p><span style=\"color: #000000;\">75 m <\/span><\/p>\n<\/div>\n<\/td>\n<\/tr>\n<tr>\n<td width=\"67%\"><span style=\"color: #000000;\">ca. Gef\u00e4lle in %<\/span><\/td>\n<td width=\"33%\">\n<div>\n<p><span style=\"color: #000000;\">13-16 %<\/span><\/p>\n<\/div>\n<\/td>\n<\/tr>\n<tr>\n<td width=\"67%\"><span style=\"color: #000000;\">H\u00f6he Talstation<\/span><\/td>\n<td width=\"33%\">\n<div>\n<p><span style=\"color: #000000;\">340 m \u00fc.NN<\/span><\/p>\n<\/div>\n<\/td>\n<\/tr>\n<tr>\n<td width=\"67%\"><span style=\"color: #000000;\">H\u00f6he Bergstation<\/span><\/td>\n<td width=\"33%\">\n<div>\n<p><span style=\"color: #000000;\">445 m \u00fc.NN<\/span><\/p>\n<\/div>\n<\/td>\n<\/tr>\n<\/tbody>\n<\/table>\n","protected":false},"excerpt":{"rendered":"<p>Aktueller Lift Nach einer schneereichen Saison 76\/77 und einem gro\u00dfen Zuspruch der Bev\u00f6lkerung machte man sich zum ersten Mal Gedanken \u00fcber die Erweiterung des bestehenden Liftes. Im Anschluss der Saison 77\/78, in der die Schneedecke \u00fcber 2 Monate zum Skifahren ausreichte, machte man sich an die Arbeit. Nach Gespr\u00e4chen der Gemeinde Partenstein und der Stadt &hellip; <a href=\"https:\/\/www.skiclub-partenstein.de\/?page_id=21\" class=\"more-link\"><span class=\"screen-reader-text\">Skilift<\/span> weiterlesen <span class=\"meta-nav\">&rarr;<\/span><\/a><\/p>\n","protected":false},"author":1,"featured_media":0,"parent":0,"menu_order":5,"comment_status":"closed","ping_status":"closed","template":"","meta":{"footnotes":""},"class_list":["post-21","page","type-page","status-publish","hentry"],"_links":{"self":[{"href":"https:\/\/www.skiclub-partenstein.de\/index.php?rest_route=\/wp\/v2\/pages\/21","targetHints":{"allow":["GET"]}}],"collection":[{"href":"https:\/\/www.skiclub-partenstein.de\/index.php?rest_route=\/wp\/v2\/pages"}],"about":[{"href":"https:\/\/www.skiclub-partenstein.de\/index.php?rest_route=\/wp\/v2\/types\/page"}],"author":[{"embeddable":true,"href":"https:\/\/www.skiclub-partenstein.de\/index.php?rest_route=\/wp\/v2\/users\/1"}],"replies":[{"embeddable":true,"href":"https:\/\/www.skiclub-partenstein.de\/index.php?rest_route=%2Fwp%2Fv2%2Fcomments&post=21"}],"version-history":[{"count":6,"href":"https:\/\/www.skiclub-partenstein.de\/index.php?rest_route=\/wp\/v2\/pages\/21\/revisions"}],"predecessor-version":[{"id":121,"href":"https:\/\/www.skiclub-partenstein.de\/index.php?rest_route=\/wp\/v2\/pages\/21\/revisions\/121"}],"wp:attachment":[{"href":"https:\/\/www.skiclub-partenstein.de\/index.php?rest_route=%2Fwp%2Fv2%2Fmedia&parent=21"}],"curies":[{"name":"wp","href":"https:\/\/api.w.org\/{rel}","templated":true}]}}