{"id":17,"date":"2009-08-02T19:44:43","date_gmt":"2009-08-02T17:44:43","guid":{"rendered":"http:\/\/www.skiclub-partenstein.de\/neu\/wordpress\/?page_id=17"},"modified":"2014-10-18T08:21:40","modified_gmt":"2014-10-18T06:21:40","slug":"skihutte","status":"publish","type":"page","link":"https:\/\/www.skiclub-partenstein.de\/?page_id=17","title":{"rendered":"Skih\u00fctte"},"content":{"rendered":"<h2><span style=\"color: #000000;\">Neue Skih\u00fctte<\/span><\/h2>\n<p><span style=\"color: #000000;\">Nachdem die Kapazit\u00e4t und der Zustand der alten Skih\u00fctte nicht mehr auf den neuesten Stand war, machte man sich Anfang 1985 zum erstenmal Gedanken \u00fcber den Bau einer neu<\/span><span style=\"color: #000000;\">en H\u00fctte.<br \/>\nIm September 198<\/span><span style=\"color: #000000;\">5 wurde der Neubau der Skih\u00fctte von der Vorstandschaft beschlossen. Architekt Fritz Amend wurde beauftragt einen Plan zu entwerfen. Der fertige Entwurf wurde Anfang 1986 der Vorstandschaft vorgelegt.<br \/>\nIm Mai 1986 wurde<\/span><span style=\"color: #000000;\"> die alte H\u00fctte in Eigenarbeit durch viele Freiwillige Helfer abgerissen und mit dem Neubau gegonnen. Bereits im September waren alle Vorarbeiten erledigt und die Zimmerei Fleckenstein stellt<\/span><span style=\"color: #000000;\"> die neue H\u00fctte auf. Mit den Innenarbeiten war man Ende Dezember fertig.<br \/>\nAm 30.Januar.1987 wurde die Skih\u00fctte in einer kleinen Feier eingeweiht.<\/span><\/p>\n","protected":false},"excerpt":{"rendered":"<p>Neue Skih\u00fctte Nachdem die Kapazit\u00e4t und der Zustand der alten Skih\u00fctte nicht mehr auf den neuesten Stand war, machte man sich Anfang 1985 zum erstenmal Gedanken \u00fcber den Bau einer neuen H\u00fctte. Im September 1985 wurde der Neubau der Skih\u00fctte von der Vorstandschaft beschlossen. Architekt Fritz Amend wurde beauftragt einen Plan zu entwerfen. Der fertige &hellip; <a href=\"https:\/\/www.skiclub-partenstein.de\/?page_id=17\" class=\"more-link\"><span class=\"screen-reader-text\">Skih\u00fctte<\/span> weiterlesen <span class=\"meta-nav\">&rarr;<\/span><\/a><\/p>\n","protected":false},"author":1,"featured_media":0,"parent":0,"menu_order":4,"comment_status":"closed","ping_status":"closed","template":"","meta":{"footnotes":""},"class_list":["post-17","page","type-page","status-publish","hentry"],"_links":{"self":[{"href":"https:\/\/www.skiclub-partenstein.de\/index.php?rest_route=\/wp\/v2\/pages\/17","targetHints":{"allow":["GET"]}}],"collection":[{"href":"https:\/\/www.skiclub-partenstein.de\/index.php?rest_route=\/wp\/v2\/pages"}],"about":[{"href":"https:\/\/www.skiclub-partenstein.de\/index.php?rest_route=\/wp\/v2\/types\/page"}],"author":[{"embeddable":true,"href":"https:\/\/www.skiclub-partenstein.de\/index.php?rest_route=\/wp\/v2\/users\/1"}],"replies":[{"embeddable":true,"href":"https:\/\/www.skiclub-partenstein.de\/index.php?rest_route=%2Fwp%2Fv2%2Fcomments&post=17"}],"version-history":[{"count":21,"href":"https:\/\/www.skiclub-partenstein.de\/index.php?rest_route=\/wp\/v2\/pages\/17\/revisions"}],"predecessor-version":[{"id":294,"href":"https:\/\/www.skiclub-partenstein.de\/index.php?rest_route=\/wp\/v2\/pages\/17\/revisions\/294"}],"wp:attachment":[{"href":"https:\/\/www.skiclub-partenstein.de\/index.php?rest_route=%2Fwp%2Fv2%2Fmedia&parent=17"}],"curies":[{"name":"wp","href":"https:\/\/api.w.org\/{rel}","templated":true}]}}